{"id":98,"date":"2025-12-20T13:50:51","date_gmt":"2025-12-20T13:50:51","guid":{"rendered":"https:\/\/shop.kihateam.fi\/index.php\/bestallningsportal-for-dokument\/"},"modified":"2025-12-20T14:49:52","modified_gmt":"2025-12-20T14:49:52","slug":"bestallningsportal-for-dokument","status":"publish","type":"page","link":"https:\/\/shop.kihateam.fi\/sv\/","title":{"rendered":"Best\u00e4llningsportal f\u00f6r dokument"},"content":{"rendered":"\n<p>P\u00e5 den h\u00e4r sidan kan du best\u00e4lla \u00f6nskade dokument g\u00e4llande bostadsr\u00e4ttsf\u00f6reningen. V\u00e4lj vilka dokument du vill best\u00e4lla och fyll i dina kontaktuppgifter i f\u00e4lten nedan. V\u00e4lj ocks\u00e5 om du vill h\u00e4mta dokumenten sj\u00e4lv eller om du vill att de ska skickas till dig via e-post eller post. Dokumenten \u00e4r avgiftsbelagda.<\/p>\n\n<p><a href=\"https:\/\/shop.kihateam.fi\/sv\/bestallnings-och-leveransvillkor\/\">Best\u00e4llnings- och leveransvillkor \u2192<\/a><\/p>\n\n<p>Dokumenten levereras i regel inom fem arbetsdagar. F\u00f6r dokumentet L\u00e5neandelsber\u00e4kning relaterat till bostadsr\u00e4ttsl\u00e5n \u00e4r leveranstiden avvikande och beror p\u00e5 n\u00e4r du \u00f6nskar betala l\u00e5net.<\/p>\n","protected":false},"excerpt":{"rendered":"<p>P\u00e5 den h\u00e4r sidan kan du best\u00e4lla \u00f6nskade dokument g\u00e4llande bostadsr\u00e4ttsf\u00f6reningen. V\u00e4lj vilka dokument du vill best\u00e4lla och fyll i dina kontaktuppgifter i f\u00e4lten nedan. V\u00e4lj ocks\u00e5 om du vill h\u00e4mta dokumenten sj\u00e4lv eller om du vill att de ska skickas till dig via e-post eller post. Dokumenten \u00e4r avgiftsbelagda. Best\u00e4llnings- och leveransvillkor \u2192 Dokumenten [&hellip;]<\/p>\n","protected":false},"author":1,"featured_media":0,"parent":0,"menu_order":0,"comment_status":"closed","ping_status":"closed","template":"","meta":{"footnotes":""},"class_list":["post-98","page","type-page","status-publish","hentry"],"_links":{"self":[{"href":"https:\/\/shop.kihateam.fi\/sv\/wp-json\/wp\/v2\/pages\/98","targetHints":{"allow":["GET"]}}],"collection":[{"href":"https:\/\/shop.kihateam.fi\/sv\/wp-json\/wp\/v2\/pages"}],"about":[{"href":"https:\/\/shop.kihateam.fi\/sv\/wp-json\/wp\/v2\/types\/page"}],"author":[{"embeddable":true,"href":"https:\/\/shop.kihateam.fi\/sv\/wp-json\/wp\/v2\/users\/1"}],"replies":[{"embeddable":true,"href":"https:\/\/shop.kihateam.fi\/sv\/wp-json\/wp\/v2\/comments?post=98"}],"version-history":[{"count":3,"href":"https:\/\/shop.kihateam.fi\/sv\/wp-json\/wp\/v2\/pages\/98\/revisions"}],"predecessor-version":[{"id":103,"href":"https:\/\/shop.kihateam.fi\/sv\/wp-json\/wp\/v2\/pages\/98\/revisions\/103"}],"wp:attachment":[{"href":"https:\/\/shop.kihateam.fi\/sv\/wp-json\/wp\/v2\/media?parent=98"}],"curies":[{"name":"wp","href":"https:\/\/api.w.org\/{rel}","templated":true}]}}