{"id":132,"date":"2025-12-20T12:21:43","date_gmt":"2025-12-20T12:21:43","guid":{"rendered":"https:\/\/shop.kihateam.fi\/tuote\/forvaltarintyg\/"},"modified":"2025-12-28T09:43:37","modified_gmt":"2025-12-28T09:43:37","slug":"forvaltarintyg","status":"publish","type":"product","link":"https:\/\/shop.kihateam.fi\/sv\/tuote\/forvaltarintyg\/","title":{"rendered":"Disponentintyg"},"content":{"rendered":"<p>Leveranstiden f\u00f6r disponentintyg \u00e4r h\u00f6gst en vecka, vanligtvis 2-4 arbetsdagar. Om du beh\u00f6ver intyget snabbare erbjuder vi br\u00e5dskande leverans (n\u00e4sta arbetsdag) mot en extra avgift p\u00e5 30 \u20ac.<\/p>\n<p>Om du beh\u00f6ver bilagor, v\u00e4lj produkten &#8221;F\u00f6rvaltarintyg med bilagor&#8221;. Om du beh\u00f6ver br\u00e5dskande leverans, l\u00e4gg till produkten &#8221;br\u00e5dskande leverans&#8221; separat i varukorgen.<\/p>\n<p><label>Vid behov kan du l\u00e4gga till som bilaga<br \/>\n&#8211; uppdragsavtal (obligatoriskt f\u00f6r fastighetsm\u00e4klare)<br \/>\n&#8211; fullmakt<\/label><\/p>\n","protected":false},"excerpt":{"rendered":"<p>Disponentintyg utan bilagor.<\/p>\n","protected":false},"featured_media":85,"template":"","meta":[],"product_brand":[],"product_cat":[28],"product_tag":[29],"class_list":{"0":"post-132","1":"product","2":"type-product","3":"status-publish","4":"has-post-thumbnail","6":"product_cat-dokument","7":"product_tag-forvaltarintyg","9":"first","10":"instock","11":"virtual","12":"sold-individually","13":"taxable","14":"purchasable","15":"product-type-simple"},"_links":{"self":[{"href":"https:\/\/shop.kihateam.fi\/sv\/wp-json\/wp\/v2\/product\/132","targetHints":{"allow":["GET"]}}],"collection":[{"href":"https:\/\/shop.kihateam.fi\/sv\/wp-json\/wp\/v2\/product"}],"about":[{"href":"https:\/\/shop.kihateam.fi\/sv\/wp-json\/wp\/v2\/types\/product"}],"wp:featuredmedia":[{"embeddable":true,"href":"https:\/\/shop.kihateam.fi\/sv\/wp-json\/wp\/v2\/media\/85"}],"wp:attachment":[{"href":"https:\/\/shop.kihateam.fi\/sv\/wp-json\/wp\/v2\/media?parent=132"}],"wp:term":[{"taxonomy":"product_brand","embeddable":true,"href":"https:\/\/shop.kihateam.fi\/sv\/wp-json\/wp\/v2\/product_brand?post=132"},{"taxonomy":"product_cat","embeddable":true,"href":"https:\/\/shop.kihateam.fi\/sv\/wp-json\/wp\/v2\/product_cat?post=132"},{"taxonomy":"product_tag","embeddable":true,"href":"https:\/\/shop.kihateam.fi\/sv\/wp-json\/wp\/v2\/product_tag?post=132"}],"curies":[{"name":"wp","href":"https:\/\/api.w.org\/{rel}","templated":true}]}}