{"id":134,"date":"2025-12-28T08:52:41","date_gmt":"2025-12-28T08:52:41","guid":{"rendered":"https:\/\/shop.kihateam.fi\/tuote\/disponentintyg-med-bilagor\/"},"modified":"2025-12-28T08:52:41","modified_gmt":"2025-12-28T08:52:41","slug":"disponentintyg-med-bilagor","status":"publish","type":"product","link":"https:\/\/shop.kihateam.fi\/sv\/tuote\/disponentintyg-med-bilagor\/","title":{"rendered":"Disponentintyg med bilagor"},"content":{"rendered":"<p>Leveranstiden f\u00f6r f\u00f6rvaltarintyget \u00e4r h\u00f6gst en vecka, vanligtvis 2-4 arbetsdagar. Om du beh\u00f6ver intyget snabbare erbjuder vi br\u00e5dskande leverans (n\u00e4sta arbetsdag) mot en extra avgift p\u00e5 30 \u20ac.<\/p>\n<p><span class=\"wpcf7-form-control-wrap\" data-name=\"label_first\"><span class=\"wpcf7-form-control wpcf7-checkbox\"><span class=\"wpcf7-list-item first\"><span class=\"wpcf7-list-item-label\">Alla bilagor<\/span><\/span><\/span><\/span><\/p>\n<ul>\n<li><span class=\"wpcf7-form-control-wrap\" data-name=\"label_first\"><span class=\"wpcf7-form-control wpcf7-checkbox\"><span class=\"wpcf7-list-item\"><span class=\"wpcf7-list-item-label\">Senaste bokslut<\/span><\/span><\/span><\/span><\/li>\n<li><span class=\"wpcf7-form-control-wrap\" data-name=\"label_first\"><span class=\"wpcf7-form-control wpcf7-checkbox\"><span class=\"wpcf7-list-item\"><span class=\"wpcf7-list-item-label\">Budget<\/span><\/span><\/span><\/span><\/li>\n<li><span class=\"wpcf7-form-control-wrap\" data-name=\"label_first\"><span class=\"wpcf7-form-control wpcf7-checkbox\"><span class=\"wpcf7-list-item\"><span class=\"wpcf7-list-item-label\">Bolagsordning<\/span><\/span><\/span><\/span><\/li>\n<li><span class=\"wpcf7-form-control-wrap\" data-name=\"label_first\"><span class=\"wpcf7-form-control wpcf7-checkbox\"><span class=\"wpcf7-list-item\"><span class=\"wpcf7-list-item-label\">Energicertifikat<\/span><\/span><\/span><\/span><\/li>\n<li><span class=\"wpcf7-form-control-wrap\" data-name=\"label_first\"><span class=\"wpcf7-form-control wpcf7-checkbox\"><span class=\"wpcf7-list-item\"><span class=\"wpcf7-list-item-label\">Underh\u00e5llsutredning<\/span><\/span><\/span><\/span><\/li>\n<li><span class=\"wpcf7-form-control-wrap\" data-name=\"label_first\"><span class=\"wpcf7-form-control wpcf7-checkbox\"><span class=\"wpcf7-list-item last\"><span class=\"wpcf7-list-item-label\">L\u00e4genhetens planritning (om tillg\u00e4nglig)<\/span><\/span><\/span><\/span><\/li>\n<\/ul>\n<p><label>Vid behov, skicka oss efter best\u00e4llningen<br \/>\n&#8211; uppdragsavtal (obligatoriskt f\u00f6r fastighetsm\u00e4klare)<br \/>\n&#8211; fullmakt<\/label><\/p>\n","protected":false},"excerpt":{"rendered":"<p>Disponentintyg + bilagor<\/p>\n","protected":false},"featured_media":72,"template":"","meta":[],"product_brand":[],"product_cat":[28],"product_tag":[29],"class_list":{"0":"post-134","1":"product","2":"type-product","3":"status-publish","4":"has-post-thumbnail","6":"product_cat-dokument","7":"product_tag-forvaltarintyg","9":"first","10":"instock","11":"virtual","12":"sold-individually","13":"taxable","14":"purchasable","15":"product-type-simple"},"_links":{"self":[{"href":"https:\/\/shop.kihateam.fi\/sv\/wp-json\/wp\/v2\/product\/134","targetHints":{"allow":["GET"]}}],"collection":[{"href":"https:\/\/shop.kihateam.fi\/sv\/wp-json\/wp\/v2\/product"}],"about":[{"href":"https:\/\/shop.kihateam.fi\/sv\/wp-json\/wp\/v2\/types\/product"}],"wp:featuredmedia":[{"embeddable":true,"href":"https:\/\/shop.kihateam.fi\/sv\/wp-json\/wp\/v2\/media\/72"}],"wp:attachment":[{"href":"https:\/\/shop.kihateam.fi\/sv\/wp-json\/wp\/v2\/media?parent=134"}],"wp:term":[{"taxonomy":"product_brand","embeddable":true,"href":"https:\/\/shop.kihateam.fi\/sv\/wp-json\/wp\/v2\/product_brand?post=134"},{"taxonomy":"product_cat","embeddable":true,"href":"https:\/\/shop.kihateam.fi\/sv\/wp-json\/wp\/v2\/product_cat?post=134"},{"taxonomy":"product_tag","embeddable":true,"href":"https:\/\/shop.kihateam.fi\/sv\/wp-json\/wp\/v2\/product_tag?post=134"}],"curies":[{"name":"wp","href":"https:\/\/api.w.org\/{rel}","templated":true}]}}