{"id":136,"date":"2025-12-20T12:43:24","date_gmt":"2025-12-20T12:43:24","guid":{"rendered":"https:\/\/shop.kihateam.fi\/tuote\/laneandelsberakning\/"},"modified":"2025-12-20T12:43:24","modified_gmt":"2025-12-20T12:43:24","slug":"laneandelsberakning","status":"publish","type":"product","link":"https:\/\/shop.kihateam.fi\/sv\/tuote\/laneandelsberakning\/","title":{"rendered":"L\u00e5neandelsber\u00e4kning"},"content":{"rendered":"<p><label>I l\u00e5neandelsber\u00e4kningen anges betalningens storlek ber\u00e4knad f\u00f6r den tidpunkt d\u00e5 l\u00e5neandelen ska betalas. F\u00f6rsenade betalningar tas inte emot.<br \/>\nOm du beh\u00f6ver en l\u00e5neandelsber\u00e4kning f\u00f6r n\u00e5got annat \u00e4ndam\u00e5l \u00e4n betalning av l\u00e5neandelen, v\u00e4nligen meddela detta i samband med best\u00e4llningen.<br \/>\n<\/label><\/p>\n<p>Leveranstiden f\u00f6r ber\u00e4kningen \u00e4r h\u00f6gst en vecka, vanligtvis 2\u20134 arbetsdagar. Om du beh\u00f6ver intyget snabbare erbjuder vi br\u00e5dskande leverans (n\u00e4sta arbetsdag) mot en extra avgift p\u00e5 30 \u20ac. L\u00e4gg i detta fall till produkten \u201dbr\u00e5dskande leverans\u201d i varukorgen.<\/p>\n","protected":false},"excerpt":{"rendered":"<p>L\u00e5neandelsber\u00e4kning.<\/p>\n","protected":false},"featured_media":72,"template":"","meta":[],"product_brand":[],"product_cat":[28],"product_tag":[29],"class_list":{"0":"post-136","1":"product","2":"type-product","3":"status-publish","4":"has-post-thumbnail","6":"product_cat-dokument","7":"product_tag-forvaltarintyg","9":"first","10":"instock","11":"virtual","12":"sold-individually","13":"taxable","14":"purchasable","15":"product-type-simple"},"_links":{"self":[{"href":"https:\/\/shop.kihateam.fi\/sv\/wp-json\/wp\/v2\/product\/136","targetHints":{"allow":["GET"]}}],"collection":[{"href":"https:\/\/shop.kihateam.fi\/sv\/wp-json\/wp\/v2\/product"}],"about":[{"href":"https:\/\/shop.kihateam.fi\/sv\/wp-json\/wp\/v2\/types\/product"}],"wp:featuredmedia":[{"embeddable":true,"href":"https:\/\/shop.kihateam.fi\/sv\/wp-json\/wp\/v2\/media\/72"}],"wp:attachment":[{"href":"https:\/\/shop.kihateam.fi\/sv\/wp-json\/wp\/v2\/media?parent=136"}],"wp:term":[{"taxonomy":"product_brand","embeddable":true,"href":"https:\/\/shop.kihateam.fi\/sv\/wp-json\/wp\/v2\/product_brand?post=136"},{"taxonomy":"product_cat","embeddable":true,"href":"https:\/\/shop.kihateam.fi\/sv\/wp-json\/wp\/v2\/product_cat?post=136"},{"taxonomy":"product_tag","embeddable":true,"href":"https:\/\/shop.kihateam.fi\/sv\/wp-json\/wp\/v2\/product_tag?post=136"}],"curies":[{"name":"wp","href":"https:\/\/api.w.org\/{rel}","templated":true}]}}